{"id":686,"date":"2021-01-27T15:05:18","date_gmt":"2021-01-27T14:05:18","guid":{"rendered":"https:\/\/wisi.ch\/?page_id=686"},"modified":"2026-04-14T07:57:47","modified_gmt":"2026-04-14T06:57:47","slug":"support","status":"publish","type":"page","link":"https:\/\/wisi.ch\/fr\/support\/","title":{"rendered":"Support"},"content":{"rendered":"<p>[et_pb_section fb_built=&#8220;1&#8243; fullwidth=&#8220;on&#8220; _builder_version=&#8220;4.16&#8243; _module_preset=&#8220;default&#8220; background_enable_color=&#8220;off&#8220; background_image=&#8220;https:\/\/wisi.ch\/wp-content\/uploads\/2021\/01\/Idee1.jpg&#8220; parallax=&#8220;on&#8220; background_enable_video_mp4=&#8220;off&#8220; max_width=&#8220;100%&#8220; module_alignment=&#8220;center&#8220; saved_tabs=&#8220;all&#8220; global_colors_info=&#8220;{}&#8220;][et_pb_fullwidth_header title=&#8220;Support&#8220; subhead=&#8220;Wir helfen gerne weiter&#8220; text_orientation=&#8220;center&#8220; logo_image_url=&#8220;https:\/\/wisi.ch\/wp-content\/uploads\/2021\/01\/WISI_LOGO_2018.png&#8220; _builder_version=&#8220;4.16&#8243; _module_preset=&#8220;default&#8220; title_font=&#8220;Montserrat|700|||||||&#8220; title_text_align=&#8220;center&#8220; title_font_size=&#8220;60px&#8220; content_text_align=&#8220;center&#8220; background_enable_color=&#8220;off&#8220; use_background_color_gradient=&#8220;on&#8220; background_color_gradient_stops=&#8220;rgba(0,65,105,0.95) 0%|rgba(0,87,140,0.49) 100%&#8220; background_color_gradient_start=&#8220;rgba(0,65,105,0.95)&#8220; background_color_gradient_end=&#8220;rgba(0,87,140,0.49)&#8220; width=&#8220;100%&#8220; height_tablet=&#8220;&#8220; height_phone=&#8220;&#8220; height_last_edited=&#8220;on|phone&#8220; custom_margin=&#8220;0px||0px||false|false&#8220; custom_padding=&#8220;0px||0px||false|false&#8220; custom_padding_tablet=&#8220;&#8220; custom_padding_phone=&#8220;0px||||false|false&#8220; custom_padding_last_edited=&#8220;on|phone&#8220; global_colors_info=&#8220;{}&#8220;][\/et_pb_fullwidth_header][\/et_pb_section][et_pb_section fb_built=&#8220;1&#8243; fullwidth=&#8220;on&#8220; _builder_version=&#8220;4.16&#8243; _module_preset=&#8220;default&#8220; global_colors_info=&#8220;{}&#8220;][et_pb_fullwidth_menu menu_id=&#8220;26&#8243; _builder_version=&#8220;4.16&#8243; _module_preset=&#8220;default&#8220; global_colors_info=&#8220;{}&#8220;][\/et_pb_fullwidth_menu][\/et_pb_section][et_pb_section fb_built=&#8220;1&#8243; _builder_version=&#8220;4.27.4&#8243; _module_preset=&#8220;default&#8220; background_color=&#8220;#004169&#8243; height=&#8220;auto&#8220; custom_padding=&#8220;||20px||false|false&#8220; global_colors_info=&#8220;{}&#8220;][et_pb_row column_structure=&#8220;1_3,1_3,1_3&#8243; _builder_version=&#8220;4.27.3&#8243; _module_preset=&#8220;default&#8220; custom_margin=&#8220;0px||0px||false|false&#8220; custom_padding=&#8220;0px||0px||false|false&#8220; global_colors_info=&#8220;{}&#8220;][et_pb_column type=&#8220;1_3&#8243; _builder_version=&#8220;4.27.3&#8243; _module_preset=&#8220;default&#8220; background_color=&#8220;#004169&#8243; custom_padding=&#8220;0px||0px||false|false&#8220; global_colors_info=&#8220;{}&#8220;][\/et_pb_column][et_pb_column type=&#8220;1_3&#8243; _builder_version=&#8220;4.27.3&#8243; _module_preset=&#8220;default&#8220; background_color=&#8220;#004169&#8243; custom_padding=&#8220;0px||0px||false|false&#8220; global_colors_info=&#8220;{}&#8220;][et_pb_text module_id=&#8220;support&#8220; _builder_version=&#8220;4.16&#8243; _module_preset=&#8220;9b03a7d1-e13d-4655-b1ca-b25e1ac45033&#8243; width=&#8220;100%&#8220; width_tablet=&#8220;&#8220; width_phone=&#8220;100%&#8220; width_last_edited=&#8220;on|phone&#8220; max_width_phone=&#8220;100%&#8220; custom_margin=&#8220;|0px||0px|false|false&#8220; custom_padding=&#8220;20px|0px|20px|23px|false|false&#8220; saved_tabs=&#8220;all&#8220; global_colors_info=&#8220;{}&#8220;]<\/p>\n<h1 style=\"text-align: left;\">Support<\/h1>\n<p>[\/et_pb_text][\/et_pb_column][et_pb_column type=&#8220;1_3&#8243; _builder_version=&#8220;4.27.3&#8243; _module_preset=&#8220;default&#8220; background_color=&#8220;#004169&#8243; custom_padding=&#8220;0px||0px||false|false&#8220; global_colors_info=&#8220;{}&#8220;][\/et_pb_column][\/et_pb_row][et_pb_row _builder_version=&#8220;4.27.3&#8243; _module_preset=&#8220;default&#8220; custom_margin=&#8220;0px||||false|false&#8220; custom_padding=&#8220;30px||||false|false&#8220; global_colors_info=&#8220;{}&#8220;][et_pb_column type=&#8220;4_4&#8243; _builder_version=&#8220;4.27.3&#8243; _module_preset=&#8220;default&#8220; background_color=&#8220;#004169&#8243; global_colors_info=&#8220;{}&#8220;][et_pb_text _builder_version=&#8220;4.27.4&#8243; _module_preset=&#8220;0c17e46f-bfb4-4bb6-97f2-cdf8d06ff216&#8243; global_colors_info=&#8220;{}&#8220;]<\/p>\n<h3 style=\"text-align: center;\">Haben Sie Fragen oder Probleme bei der Konfiguration eines WISI-Produkts?<\/h3>\n<h3 style=\"text-align: center;\">Z\u00f6gern Sie nicht, uns zu kontaktieren, WISI steht Ihnen gerne zur Verf\u00fcgung.<\/h3>\n<p>[\/et_pb_text][\/et_pb_column][\/et_pb_row][et_pb_row column_structure=&#8220;1_3,1_3,1_3&#8243; _builder_version=&#8220;4.27.3&#8243; _module_preset=&#8220;default&#8220; global_colors_info=&#8220;{}&#8220;][et_pb_column type=&#8220;1_3&#8243; _builder_version=&#8220;4.27.3&#8243; _module_preset=&#8220;default&#8220; background_color=&#8220;#004169&#8243; global_colors_info=&#8220;{}&#8220;][et_pb_blurb title=&#8220;Beratung&#8220; use_icon=&#8220;on&#8220; font_icon=&#8220;&#xe00b;||divi||400&#8243; icon_color=&#8220;#FFFFFF&#8220; image_icon_background_color=&#8220;#009FE3&#8243; image_icon_width=&#8220;48px&#8220; _builder_version=&#8220;4.16&#8243; _module_preset=&#8220;default&#8220; header_font=&#8220;|600|||||||&#8220; header_text_align=&#8220;center&#8220; header_text_color=&#8220;#FFFFFF&#8220; image_icon_custom_padding=&#8220;25px|25px|25px|25px|false|false&#8220; background_layout=&#8220;dark&#8220; border_radii_image=&#8220;on|100%|100%|100%|100%&#8220; use_circle=&#8220;on&#8220; circle_color=&#8220;#009FE3&#8243; global_colors_info=&#8220;{}&#8220; image_icon_background_color__sticky_enabled=&#8220;#7EBEC5&#8243; image_icon_background_color__sticky=&#8220;#7EBEC5&#8243;]<\/p>\n<div class=\"et_pb_blurb_description\">\n<p style=\"text-align: center;\">Haben Sie Fragen zu Produkten oder zur Installation von WISI-Material?<br \/>Gerne steht Ihnen unsere Technikabteilung zur Verf\u00fcgung.<br \/>Z\u00f6gern Sie nicht, uns telefonisch zu kontaktieren.<\/p>\n<p style=\"text-align: center;\"><a href=\"tel:+41%2062 896 70 40\" target=\"_blank\" rel=\"noopener noreferrer\" title=\"062 896 70 40\">062 896 70 40<\/a><\/p>\n<\/div>\n<p>[\/et_pb_blurb][\/et_pb_column][et_pb_column type=&#8220;1_3&#8243; _builder_version=&#8220;4.27.3&#8243; _module_preset=&#8220;default&#8220; background_color=&#8220;#004169&#8243; global_colors_info=&#8220;{}&#8220;][et_pb_blurb title=&#8220;Planung&#8220; use_icon=&#8220;on&#8220; font_icon=&#8220;&#xe104;||divi||400&#8243; icon_color=&#8220;#FFFFFF&#8220; image_icon_background_color=&#8220;#009FE3&#8243; image_icon_width=&#8220;48px&#8220; _builder_version=&#8220;4.16&#8243; _module_preset=&#8220;default&#8220; header_font=&#8220;|600|||||||&#8220; header_text_align=&#8220;center&#8220; header_text_color=&#8220;#FFFFFF&#8220; image_icon_custom_padding=&#8220;25px|25px|25px|25px|false|false&#8220; background_layout=&#8220;dark&#8220; border_radii_image=&#8220;on|100%|100%|100%|100%&#8220; use_circle=&#8220;on&#8220; circle_color=&#8220;#009FE3&#8243; global_colors_info=&#8220;{}&#8220; image_icon_background_color__sticky_enabled=&#8220;#7EBEC5&#8243; image_icon_background_color__sticky=&#8220;#7EBEC5&#8243;]<\/p>\n<div class=\"et_pb_blurb_description\">\n<p style=\"text-align: center;\">Steht eine HVA-Installation an und Sie ben\u00f6tigen ein Schema?<br \/>Senden Sie eine Mail mit einer Skizze der Struktur, den Namen des Netzbetreibers und den Kabell\u00e4ngen, wir berechnen Ihnen die Anlage. <br \/><em>(ggf. kostenpflichtig)<\/em><br \/><a href=\"mailto:info@wisi.ch\" title=\"info@wisi.ch\">info@wisi.ch<\/a><\/p>\n<\/div>\n<p>[\/et_pb_blurb][\/et_pb_column][et_pb_column type=&#8220;1_3&#8243; _builder_version=&#8220;4.27.3&#8243; _module_preset=&#8220;default&#8220; background_color=&#8220;#004169&#8243; global_colors_info=&#8220;{}&#8220;][et_pb_blurb title=&#8220;Fernsupport&#8220; use_icon=&#8220;on&#8220; font_icon=&#8220;&#xe102;||divi||400&#8243; icon_color=&#8220;#FFFFFF&#8220; image_icon_background_color=&#8220;#009FE3&#8243; image_icon_width=&#8220;48px&#8220; _builder_version=&#8220;4.16&#8243; _module_preset=&#8220;default&#8220; header_font=&#8220;|600|||||||&#8220; header_text_align=&#8220;center&#8220; header_text_color=&#8220;#FFFFFF&#8220; image_icon_custom_padding=&#8220;25px|25px|25px|25px|false|false&#8220; background_layout=&#8220;dark&#8220; border_radii_image=&#8220;on|100%|100%|100%|100%&#8220; use_circle=&#8220;on&#8220; circle_color=&#8220;#009FE3&#8243; global_colors_info=&#8220;{}&#8220; image_icon_background_color__sticky_enabled=&#8220;#7EBEC5&#8243; image_icon_background_color__sticky=&#8220;#7EBEC5&#8243;]<\/p>\n<div class=\"et_pb_blurb_description\">\n<p style=\"text-align: center;\">Haben Sie Probleme bei der Konfiguration oder Fragen zu einer unserer Aufbereitungsanlagen? Installieren Sie das Teamviewer-Support Modul von WISI, wir helfen Ihnen gerne weiter.<br \/><em>(ggf. kostenpflichtig)<\/em><\/p>\n<\/div>\n<p>[\/et_pb_blurb][\/et_pb_column][\/et_pb_row][\/et_pb_section][et_pb_section fb_built=&#8220;1&#8243; _builder_version=&#8220;4.27.4&#8243; _module_preset=&#8220;default&#8220; height=&#8220;auto&#8220; custom_padding=&#8220;||20px||false|false&#8220; global_colors_info=&#8220;{}&#8220;][et_pb_row column_structure=&#8220;1_3,1_3,1_3&#8243; _builder_version=&#8220;4.27.3&#8243; _module_preset=&#8220;default&#8220; background_color=&#8220;#E6E6E6&#8243; custom_margin=&#8220;0px||0px||false|false&#8220; custom_padding=&#8220;0px||0px||false|false&#8220; global_colors_info=&#8220;{}&#8220;][et_pb_column type=&#8220;1_3&#8243; _builder_version=&#8220;4.27.3&#8243; _module_preset=&#8220;default&#8220; global_colors_info=&#8220;{}&#8220;][\/et_pb_column][et_pb_column type=&#8220;1_3&#8243; _builder_version=&#8220;4.16&#8243; _module_preset=&#8220;default&#8220; global_colors_info=&#8220;{}&#8220;][et_pb_text module_id=&#8220;tools&#8220; _builder_version=&#8220;4.16&#8243; _module_preset=&#8220;9b03a7d1-e13d-4655-b1ca-b25e1ac45033&#8243; width=&#8220;100%&#8220; width_tablet=&#8220;&#8220; width_phone=&#8220;100%&#8220; width_last_edited=&#8220;on|phone&#8220; max_width_phone=&#8220;100%&#8220; custom_margin=&#8220;|0px||0px|false|false&#8220; custom_padding=&#8220;20px|0px|20px|23px|false|false&#8220; saved_tabs=&#8220;all&#8220; global_colors_info=&#8220;{}&#8220;]<\/p>\n<h1 style=\"text-align: left;\">Tools<\/h1>\n<p>[\/et_pb_text][\/et_pb_column][et_pb_column type=&#8220;1_3&#8243; _builder_version=&#8220;4.16&#8243; _module_preset=&#8220;default&#8220; global_colors_info=&#8220;{}&#8220;][\/et_pb_column][\/et_pb_row][et_pb_row column_structure=&#8220;1_3,1_3,1_3&#8243; _builder_version=&#8220;4.27.4&#8243; _module_preset=&#8220;default&#8220; background_color=&#8220;#E6E6E6&#8243; custom_padding=&#8220;40px||20px||false|false&#8220; global_colors_info=&#8220;{}&#8220;][et_pb_column type=&#8220;1_3&#8243; _builder_version=&#8220;4.27.3&#8243; _module_preset=&#8220;default&#8220; global_colors_info=&#8220;{}&#8220;][et_pb_blurb title=&#8220;WISI IP-Supporter&#8220; url=&#8220;\/downloads\/software\/WISI_IP_Supporter_Setup_v2020.zip&#8220; url_new_window=&#8220;on&#8220; image=&#8220;https:\/\/wisi.ch\/wp-content\/uploads\/2021\/01\/WISI_LOGO_2018.png&#8220; alt=&#8220;Logo WISI&#8220; _builder_version=&#8220;4.16&#8243; _module_preset=&#8220;default&#8220; header_font=&#8220;|700|||||||&#8220; header_text_color=&#8220;#666666&#8243; text_orientation=&#8220;center&#8220; link_option_url=&#8220;\/downloads\/software\/WISI_IP_Supporter_Setup_v2020.zip&#8220; link_option_url_new_window=&#8220;on&#8220; global_colors_info=&#8220;{}&#8220;]<\/p>\n<div class=\"et_pb_blurb_description\">\n<p>Ist Ihr WISI-Ger\u00e4t im IP-Jungel verloren, suchen Sie dieses mit dem WISI IP Supporter. Zus\u00e4tzlich ist es m\u00f6glich, Lizenzfiles sowie Softwareupdates \u00fcber dieses Tool zu laden.<\/p>\n<\/div>\n<p>[\/et_pb_blurb][\/et_pb_column][et_pb_column type=&#8220;1_3&#8243; _builder_version=&#8220;4.16&#8243; _module_preset=&#8220;default&#8220; global_colors_info=&#8220;{}&#8220;][et_pb_blurb title=&#8220;Demoversion Network-Designer&#8220; url=&#8220;\/downloads\/software\/software_ND4_Demo.zip&#8220; image=&#8220;https:\/\/wisi.ch\/wp-content\/uploads\/2021\/01\/logo_kmsoft-150&#215;150.jpg&#8220; alt=&#8220;network designer&#8220; _builder_version=&#8220;4.16&#8243; _module_preset=&#8220;default&#8220; header_font=&#8220;|700|||||||&#8220; header_text_color=&#8220;#666666&#8243; text_orientation=&#8220;center&#8220; link_option_url=&#8220;\/downloads\/software\/software_ND4_Demo.zip&#8220; global_colors_info=&#8220;{}&#8220;]<\/p>\n<div class=\"et_pb_blurb_description\">\n<div class=\"et_pb_blurb_description\">\n<p style=\"text-align: center;\">Ben\u00f6tigen Sie eine Berechnung f\u00fcr eine bevorstehende oder neu HVA-Installation?<\/p>\n<p style=\"text-align: center;\">Testen Sie unser Network-Designer.<\/p>\n<\/div>\n<\/div>\n<p>[\/et_pb_blurb][\/et_pb_column][et_pb_column type=&#8220;1_3&#8243; _builder_version=&#8220;4.16&#8243; _module_preset=&#8220;default&#8220; global_colors_info=&#8220;{}&#8220;][et_pb_blurb url=&#8220;https:\/\/get.teamviewer.com\/wisi_support&#8220; url_new_window=&#8220;on&#8220; image=&#8220;https:\/\/wisi.ch\/wp-content\/uploads\/2021\/01\/TeamViewer_Logo_Icon_Only-2-1024&#215;1024-1-150&#215;150.png&#8220; alt=&#8220;network designer&#8220; disabled_on=&#8220;on|on|on&#8220; _builder_version=&#8220;4.16&#8243; _module_preset=&#8220;default&#8220; header_font=&#8220;|700|||||||&#8220; header_text_color=&#8220;#666666&#8243; text_orientation=&#8220;center&#8220; link_option_url=&#8220;https:\/\/get.teamviewer.com\/wisi_support&#8220; link_option_url_new_window=&#8220;on&#8220; disabled=&#8220;on&#8220; global_colors_info=&#8220;{}&#8220;]<\/p>\n<div class=\"et_pb_blurb_description\">\n<h4 class=\"et_pb_module_header\"><span>WISI Teamviewer QuickSupport<\/span><\/h4>\n<div class=\"et_pb_blurb_description\">\n<p style=\"text-align: center;\">Sind Sie vor Ort und ben\u00f6tigen Hilfe bei einer Problemstellung, dann starten Sie das WISI Teamviewer Quicksupportmodul<\/p>\n<\/div>\n<\/div>\n<p>[\/et_pb_blurb][\/et_pb_column][\/et_pb_row][\/et_pb_section][et_pb_section fb_built=&#8220;1&#8243; _builder_version=&#8220;4.27.4&#8243; _module_preset=&#8220;default&#8220; background_color=&#8220;#004169&#8243; height=&#8220;auto&#8220; custom_margin=&#8220;||||false|false&#8220; custom_padding=&#8220;||20px||false|false&#8220; global_colors_info=&#8220;{}&#8220;][et_pb_row column_structure=&#8220;1_3,1_3,1_3&#8243; _builder_version=&#8220;4.27.3&#8243; _module_preset=&#8220;default&#8220; custom_margin=&#8220;0px||0px||false|false&#8220; custom_padding=&#8220;0px||0px||false|false&#8220; global_colors_info=&#8220;{}&#8220;][et_pb_column type=&#8220;1_3&#8243; _builder_version=&#8220;4.27.3&#8243; _module_preset=&#8220;default&#8220; background_color=&#8220;#004169&#8243; global_colors_info=&#8220;{}&#8220;][\/et_pb_column][et_pb_column type=&#8220;1_3&#8243; _builder_version=&#8220;4.16&#8243; _module_preset=&#8220;default&#8220; global_colors_info=&#8220;{}&#8220;][et_pb_text module_id=&#8220;tipps&#8220; _builder_version=&#8220;4.16&#8243; _module_preset=&#8220;9b03a7d1-e13d-4655-b1ca-b25e1ac45033&#8243; width=&#8220;100%&#8220; width_tablet=&#8220;&#8220; width_phone=&#8220;100%&#8220; width_last_edited=&#8220;on|phone&#8220; max_width_phone=&#8220;100%&#8220; custom_margin=&#8220;|0px||0px|false|false&#8220; custom_padding=&#8220;20px|0px|20px|23px|false|false&#8220; saved_tabs=&#8220;all&#8220; global_colors_info=&#8220;{}&#8220;]<\/p>\n<h1 style=\"text-align: left;\">Tipps und Trick<\/h1>\n<p>[\/et_pb_text][\/et_pb_column][et_pb_column type=&#8220;1_3&#8243; _builder_version=&#8220;4.27.3&#8243; _module_preset=&#8220;default&#8220; background_color=&#8220;#004169&#8243; global_colors_info=&#8220;{}&#8220;][\/et_pb_column][\/et_pb_row][et_pb_row column_structure=&#8220;1_3,1_3,1_3&#8243; _builder_version=&#8220;4.27.4&#8243; _module_preset=&#8220;default&#8220; custom_padding=&#8220;40px||20px||false|false&#8220; global_colors_info=&#8220;{}&#8220;][et_pb_column type=&#8220;1_3&#8243; _builder_version=&#8220;4.27.3&#8243; _module_preset=&#8220;default&#8220; background_color=&#8220;#004169&#8243; global_colors_info=&#8220;{}&#8220;][et_pb_blurb title=&#8220;HVA-Spick&#8220; url=&#8220;\/downloads\/catv_hva-spick.pdf&#8220; url_new_window=&#8220;on&#8220; image=&#8220;https:\/\/wisi.ch\/wp-content\/uploads\/2021\/02\/HVA-Spick_.png&#8220; alt=&#8220;HVA Spick&#8220; _builder_version=&#8220;4.16&#8243; _module_preset=&#8220;default&#8220; header_font=&#8220;|700|||||||&#8220; header_text_align=&#8220;center&#8220; header_text_color=&#8220;#FFFFFF&#8220; background_layout=&#8220;dark&#8220; global_colors_info=&#8220;{}&#8220;]<\/p>\n<div class=\"et_pb_blurb_description\">\n<p style=\"text-align: center;\">Die wichtigsten Komponenten einer HVA-Installation in einer \u00dcbersicht<\/p>\n<\/div>\n<p>[\/et_pb_blurb][\/et_pb_column][et_pb_column type=&#8220;1_3&#8243; _builder_version=&#8220;4.27.3&#8243; _module_preset=&#8220;default&#8220; background_color=&#8220;#004169&#8243; global_colors_info=&#8220;{}&#8220;][et_pb_blurb title=&#8220;Montageanleitung Dosen&#8220; url=&#8220;\/downloads\/catv_hva-broschuere.pdf&#8220; url_new_window=&#8220;on&#8220; image=&#8220;https:\/\/wisi.ch\/wp-content\/uploads\/2021\/02\/hva_broschuere.png&#8220; alt=&#8220;HVA Brosch\u00fcre&#8220; _builder_version=&#8220;4.27.3&#8243; _module_preset=&#8220;default&#8220; header_font=&#8220;|700|||||||&#8220; header_text_align=&#8220;center&#8220; header_text_color=&#8220;#FFFFFF&#8220; background_color=&#8220;#004169&#8243; background_layout=&#8220;dark&#8220; link_option_url_new_window=&#8220;on&#8220; global_colors_info=&#8220;{}&#8220;]<\/p>\n<div class=\"et_pb_blurb_description\">\n<p style=\"text-align: center;\">Eine bebilderte Anleitung f\u00fcr die Montage von WISI-Dosen<\/p>\n<\/div>\n<p>[\/et_pb_blurb][\/et_pb_column][et_pb_column type=&#8220;1_3&#8243; _builder_version=&#8220;4.27.3&#8243; _module_preset=&#8220;default&#8220; background_color=&#8220;#004169&#8243; global_colors_info=&#8220;{}&#8220;][et_pb_blurb title=&#8220;Leitfaden SAT-Installation&#8220; url=&#8220;\/downloads\/sat_leitfaden.pdf&#8220; url_new_window=&#8220;on&#8220; image=&#8220;https:\/\/wisi.ch\/wp-content\/uploads\/2024\/06\/sat_leitfaden.png&#8220; alt=&#8220;SAT-Leitfaden&#8220; _builder_version=&#8220;4.23.4&#8243; _module_preset=&#8220;default&#8220; header_font=&#8220;|700|||||||&#8220; header_text_align=&#8220;center&#8220; header_text_color=&#8220;#FFFFFF&#8220; background_layout=&#8220;dark&#8220; global_colors_info=&#8220;{}&#8220;]<\/p>\n<div class=\"et_pb_blurb_description\">\n<p style=\"text-align: center;\">Haben Sie fragen zur Installation einer Satellitenanlage?<\/p>\n<\/div>\n<p>[\/et_pb_blurb][\/et_pb_column][\/et_pb_row][\/et_pb_section][et_pb_section fb_built=&#8220;1&#8243; _builder_version=&#8220;4.27.4&#8243; _module_preset=&#8220;default&#8220; height=&#8220;auto&#8220; custom_margin=&#8220;||||false|false&#8220; custom_padding=&#8220;20px||20px||false|false&#8220; global_colors_info=&#8220;{}&#8220;][et_pb_row column_structure=&#8220;1_3,1_3,1_3&#8243; _builder_version=&#8220;4.27.4&#8243; _module_preset=&#8220;default&#8220; background_color=&#8220;#E6E6E6&#8243; custom_margin=&#8220;0px|auto||auto|false|false&#8220; global_colors_info=&#8220;{}&#8220;][et_pb_column type=&#8220;1_3&#8243; _builder_version=&#8220;4.16&#8243; _module_preset=&#8220;default&#8220; global_colors_info=&#8220;{}&#8220;][\/et_pb_column][et_pb_column type=&#8220;1_3&#8243; _builder_version=&#8220;4.16&#8243; _module_preset=&#8220;default&#8220; global_colors_info=&#8220;{}&#8220;][et_pb_text module_id=&#8220;tipps&#8220; _builder_version=&#8220;4.27.4&#8243; _module_preset=&#8220;9b03a7d1-e13d-4655-b1ca-b25e1ac45033&#8243; width=&#8220;100%&#8220; width_tablet=&#8220;100%&#8220; width_phone=&#8220;100%&#8220; width_last_edited=&#8220;on|phone&#8220; custom_margin=&#8220;0px|0px||0px|false|false&#8220; custom_padding=&#8220;20px|0px|20px|23px|false|false&#8220; global_colors_info=&#8220;{}&#8220;]<\/p>\n<h2>Montage F-Stecker<\/h2>\n<p>[\/et_pb_text][\/et_pb_column][et_pb_column type=&#8220;1_3&#8243; _builder_version=&#8220;4.16&#8243; _module_preset=&#8220;default&#8220; global_colors_info=&#8220;{}&#8220;][\/et_pb_column][\/et_pb_row][et_pb_row _builder_version=&#8220;4.27.4&#8243; _module_preset=&#8220;default&#8220; background_color=&#8220;#E6E6E6&#8243; custom_padding=&#8220;0px||0px||false|false&#8220; global_colors_info=&#8220;{}&#8220;][et_pb_column type=&#8220;4_4&#8243; _builder_version=&#8220;4.27.4&#8243; _module_preset=&#8220;default&#8220; global_colors_info=&#8220;{}&#8220;][et_pb_text _builder_version=&#8220;4.27.4&#8243; _module_preset=&#8220;6e8aaf21-5663-4ef8-80ec-6857aa36f02d&#8220; global_colors_info=&#8220;{}&#8220;]<\/p>\n<h3 style=\"text-align: center;\"><span style=\"color: #666666;\">Ein Bild sagt mehr als tausend Worte.<\/span><\/h3>\n<h3 style=\"text-align: center;\"><span style=\"color: #666666;\">Lernen Sie die Montage eines Kompressionssteckers mithilfe unseres Schulungsvideos.<\/span><\/h3>\n<p>[\/et_pb_text][\/et_pb_column][\/et_pb_row][et_pb_row _builder_version=&#8220;4.27.4&#8243; _module_preset=&#8220;default&#8220; background_color=&#8220;#E6E6E6&#8243; global_colors_info=&#8220;{}&#8220;][et_pb_column type=&#8220;4_4&#8243; _builder_version=&#8220;4.27.4&#8243; _module_preset=&#8220;default&#8220; global_colors_info=&#8220;{}&#8220;][et_pb_video src=&#8220;https:\/\/wisi.ch\/wp-content\/uploads\/2021\/01\/WISI_Video_Kompressionsverfahren_V2.mp4&#8243; _builder_version=&#8220;4.16&#8243; _module_preset=&#8220;default&#8220; global_colors_info=&#8220;{}&#8220;][\/et_pb_video][\/et_pb_column][\/et_pb_row][\/et_pb_section]<\/p>\n","protected":false},"excerpt":{"rendered":"<p>SupportHaben Sie Fragen oder Probleme bei der Konfiguration eines WISI-Produkts? Z\u00f6gern Sie nicht, uns zu kontaktieren, WISI steht Ihnen gerne zur Verf\u00fcgung. Haben Sie Fragen zu Produkten oder zur Installation von WISI-Material?Gerne steht Ihnen unsere Technikabteilung zur Verf\u00fcgung.Z\u00f6gern Sie nicht, uns telefonisch zu kontaktieren. 062 896 70 40 Steht eine HVA-Installation an und Sie ben\u00f6tigen [&hellip;]<\/p>\n","protected":false},"author":1,"featured_media":0,"parent":0,"menu_order":0,"comment_status":"closed","ping_status":"closed","template":"","meta":{"_et_pb_use_builder":"on","_et_pb_old_content":"","_et_gb_content_width":"","footnotes":""},"class_list":["post-686","page","type-page","status-publish","hentry"],"_links":{"self":[{"href":"https:\/\/wisi.ch\/fr\/wp-json\/wp\/v2\/pages\/686","targetHints":{"allow":["GET"]}}],"collection":[{"href":"https:\/\/wisi.ch\/fr\/wp-json\/wp\/v2\/pages"}],"about":[{"href":"https:\/\/wisi.ch\/fr\/wp-json\/wp\/v2\/types\/page"}],"author":[{"embeddable":true,"href":"https:\/\/wisi.ch\/fr\/wp-json\/wp\/v2\/users\/1"}],"replies":[{"embeddable":true,"href":"https:\/\/wisi.ch\/fr\/wp-json\/wp\/v2\/comments?post=686"}],"version-history":[{"count":60,"href":"https:\/\/wisi.ch\/fr\/wp-json\/wp\/v2\/pages\/686\/revisions"}],"predecessor-version":[{"id":3353,"href":"https:\/\/wisi.ch\/fr\/wp-json\/wp\/v2\/pages\/686\/revisions\/3353"}],"wp:attachment":[{"href":"https:\/\/wisi.ch\/fr\/wp-json\/wp\/v2\/media?parent=686"}],"curies":[{"name":"wp","href":"https:\/\/api.w.org\/{rel}","templated":true}]}}