{"id":61,"date":"2021-01-25T12:08:42","date_gmt":"2021-01-25T11:08:42","guid":{"rendered":"https:\/\/wisi.ch\/?page_id=61"},"modified":"2024-11-26T08:49:00","modified_gmt":"2024-11-26T07:49:00","slug":"impressum","status":"publish","type":"page","link":"https:\/\/wisi.ch\/fr\/impressum\/","title":{"rendered":"imprimer"},"content":{"rendered":"<p>[et_pb_section fb_built=&#8220;1&#8243; _builder_version=&#8220;4.16&#8243; _module_preset=&#8220;default&#8220; background_color=&#8220;#004169&#8243; height=&#8220;auto&#8220; global_colors_info=&#8220;{}&#8220;][et_pb_row _builder_version=&#8220;4.16&#8243; _module_preset=&#8220;default&#8220; hover_enabled=&#8220;0&#8243; global_colors_info=&#8220;{}&#8220; sticky_enabled=&#8220;0&#8243;][et_pb_column type=&#8220;4_4&#8243; _builder_version=&#8220;4.16&#8243; _module_preset=&#8220;default&#8220; global_colors_info=&#8220;{}&#8220;][et_pb_text _builder_version=&#8220;4.27.3&#8243; _module_preset=&#8220;default&#8220; text_text_color=&#8220;#FFFFFF&#8220; background_color=&#8220;#004169&#8243; hover_enabled=&#8220;0&#8243; global_colors_info=&#8220;{}&#8220; inline_fonts=&#8220;ABeeZee&#8220; sticky_enabled=&#8220;0&#8243;]<\/p>\n<p><span style=\"font-family: inherit;\"><!-- divi:paragraph --><\/span><\/p>\n<h2><span style=\"font-family: inherit; font-weight: normal; font-size: large;\"><strong>Verantwortlich f\u00fcr den Inhalt der Seiten<\/strong><\/span><\/h2>\n<h2><span style=\"font-family: inherit; font-weight: normal; font-size: large;\">\u00a0<\/span><\/h2>\n<h2><span style=\"font-family: inherit; font-weight: normal; font-size: large;\">\u00a0<\/span><\/h2>\n<h2><span style=\"font-family: inherit; font-weight: normal; font-size: large;\"><!-- \/divi:paragraph --><!-- divi:paragraph --><\/span><\/h2>\n<h2><span style=\"font-family: inherit; font-weight: normal; font-size: large;\">WISI &#8211; Wilhelm Sihn AG<\/span><br \/><span style=\"font-family: inherit; font-weight: normal; font-size: large;\">Arthur Frei<\/span><br \/><span style=\"font-family: inherit; font-weight: normal; font-size: large;\">Hinterm\u00e4ttlistrasse 9<\/span><br \/><span style=\"font-family: inherit; font-weight: normal; font-size: large;\">5506 M\u00e4genwil<\/span><\/h2>\n<h2><span style=\"font-family: inherit; font-weight: normal; font-size: large;\">\u00a0<\/span><\/h2>\n<h2><span style=\"font-family: inherit; font-weight: normal; font-size: large;\">\u00a0<\/span><\/h2>\n<h2><span style=\"font-family: inherit; font-weight: normal; font-size: large;\"><!-- \/divi:paragraph --><!-- divi:paragraph --><\/span><\/h2>\n<h2><span style=\"font-family: inherit; font-weight: normal; font-size: large;\"><a href=\"mailto:info@wisi.ch\">info@wisi.ch<\/a><\/span><\/h2>\n<h2><span style=\"font-family: inherit; font-weight: normal; font-size: large;\">\u00a0<\/span><\/h2>\n<h2><span style=\"font-family: inherit; font-weight: normal; font-size: large;\">\u00a0<\/span><\/h2>\n<h2><span style=\"font-family: inherit; font-weight: normal; font-size: large;\"><!-- \/divi:paragraph --><!-- divi:paragraph --><\/span><\/h2>\n<h2><span style=\"font-family: inherit; font-weight: normal; font-size: large;\">Telefon:\u00a0062 896 70 40<\/span><\/h2>\n<h2><span style=\"font-family: inherit; font-weight: normal; font-size: large;\">\u00a0<\/span><\/h2>\n<h2><span style=\"font-family: inherit; font-weight: normal; font-size: large;\">\u00a0<\/span><\/h2>\n<h2><span style=\"font-family: inherit; font-weight: normal; font-size: large;\"><!-- \/divi:paragraph --><!-- divi:paragraph --><\/span><\/h2>\n<h2><span style=\"font-family: inherit; font-weight: normal; font-size: large;\">MWST-Nr.\u00a0CH-107.888.439<\/span><br \/><span style=\"font-family: inherit; font-weight: normal; font-size: large;\">Handelsreg. Nr.\u00a0\u00a0CH-400.3.015.48-3<\/span><\/h2>\n<h2><span style=\"font-family: inherit; font-weight: normal; font-size: large;\">\u00a0<\/span><\/h2>\n<h2><span style=\"font-family: inherit; font-weight: normal; font-size: large;\">\u00a0<\/span><\/h2>\n<h2><span style=\"font-family: inherit; font-weight: normal; font-size: large;\"><!-- \/divi:paragraph --><!-- divi:paragraph --><\/span><\/h2>\n<h2><span style=\"font-family: inherit; font-weight: normal; font-size: large;\"><strong>Copyright<\/strong><\/span><\/h2>\n<h2><span style=\"font-family: inherit; font-weight: normal; font-size: large;\">\u00a0<\/span><\/h2>\n<h2><span style=\"font-family: inherit; font-weight: normal; font-size: large;\">\u00a0<\/span><\/h2>\n<h2><span style=\"font-family: inherit; font-weight: normal; font-size: large;\"><!-- \/divi:paragraph --><!-- divi:paragraph --><\/span><\/h2>\n<h2><span style=\"font-family: inherit; font-weight: normal; font-size: large;\">Das Copyright f\u00fcr s\u00e4mtliche Inhalte dieser Website liegt bei WISI &#8211; Wilhelm Sihn AG.<\/span><\/h2>\n<h2><span style=\"font-family: inherit; font-weight: normal; font-size: large;\">\u00a0<\/span><\/h2>\n<h2><span style=\"font-family: inherit; font-weight: normal; font-size: large;\">\u00a0<\/span><\/h2>\n<h2><span style=\"font-family: inherit; font-weight: normal; font-size: large;\"><!-- \/divi:paragraph --><!-- divi:paragraph --><\/span><\/h2>\n<h2><span style=\"font-family: inherit; font-weight: normal; font-size: large;\"><strong>Disclaimer<\/strong><\/span><\/h2>\n<h2><span style=\"font-family: inherit; font-weight: normal; font-size: large;\">\u00a0<\/span><\/h2>\n<h2><span style=\"font-family: inherit; font-weight: normal; font-size: large;\">\u00a0<\/span><\/h2>\n<h2><span style=\"font-family: inherit; font-weight: normal; font-size: large;\"><!-- \/divi:paragraph --><!-- divi:paragraph --><\/span><\/h2>\n<h2 style=\"text-align: left;\"><span style=\"font-family: inherit; font-weight: normal; font-size: large;\">Alle Texte und Links wurden sorgf\u00e4ltig gepr\u00fcft und werden laufend aktualisiert. Wir sind bem\u00fcht, richtige und vollst\u00e4ndige Informationen auf dieser Website bereitzustellen, \u00fcbernehmen aber keinerlei Verantwortung, Garantien oder Haftung daf\u00fcr, dass die durch diese Website bereitgestellten Informationen, richtig, vollst\u00e4ndig oder aktuell sind. Wir behalten uns das Recht vor, jederzeit und ohne Vorank\u00fcndigung die Informationen auf dieser Website zu \u00e4ndern und verpflichten uns auch nicht, die enthaltenen Informationen zu aktualisieren. Alle Links zu externen Anbietern wurden zum Zeitpunkt ihrer Aufnahme auf ihre Richtigkeit \u00fcberpr\u00fcft, dennoch haften wir nicht f\u00fcr Inhalte und Verf\u00fcgbarkeit von Websites, die mittels Hyperlinks zu erreichen sind. F\u00fcr illegale, fehlerhafte oder unvollst\u00e4ndige Inhalte und insbesondere f\u00fcr Sch\u00e4den, die durch Inhalte verkn\u00fcpfter Seiten entstehen, haftet allein der Anbieter der Seite, auf welche verwiesen wurde. Dabei ist es gleichg\u00fcltig, ob der Schaden direkter, indirekter oder finanzieller Natur ist oder ein sonstiger Schaden vorliegt, der sich aus Datenverlust, Nutzungsausfall oder anderen Gr\u00fcnden aller Art ergeben k\u00f6nnte.<\/span><\/h2>\n<h4><span style=\"font-family: inherit; font-weight: normal; font-size: medium;\">\u00a0<\/span><\/h4>\n<h4><span style=\"font-family: inherit; font-weight: normal; font-size: medium;\">\u00a0<\/span><\/h4>\n<h4><span style=\"font-family: inherit; font-weight: normal;\"><!-- \/divi:paragraph --><\/span><\/h4>\n<p>[\/et_pb_text][\/et_pb_column][\/et_pb_row][\/et_pb_section]<\/p>\n","protected":false},"excerpt":{"rendered":"<p>Verantwortlich f\u00fcr den Inhalt der Seiten \u00a0 \u00a0 WISI &#8211; Wilhelm Sihn AGArthur FreiHinterm\u00e4ttlistrasse 95506 M\u00e4genwil \u00a0 \u00a0 info@wisi.ch \u00a0 \u00a0 Telefon:\u00a0062 896 70 40 \u00a0 \u00a0 MWST-Nr.\u00a0CH-107.888.439Handelsreg. Nr.\u00a0\u00a0CH-400.3.015.48-3 \u00a0 \u00a0 Copyright \u00a0 \u00a0 Das Copyright f\u00fcr s\u00e4mtliche Inhalte dieser Website liegt bei WISI &#8211; Wilhelm Sihn AG. \u00a0 \u00a0 Disclaimer \u00a0 \u00a0 Alle Texte [&hellip;]<\/p>\n","protected":false},"author":1,"featured_media":0,"parent":0,"menu_order":0,"comment_status":"closed","ping_status":"closed","template":"","meta":{"_et_pb_use_builder":"on","_et_pb_old_content":"","_et_gb_content_width":"","footnotes":""},"class_list":["post-61","page","type-page","status-publish","hentry"],"_links":{"self":[{"href":"https:\/\/wisi.ch\/fr\/wp-json\/wp\/v2\/pages\/61","targetHints":{"allow":["GET"]}}],"collection":[{"href":"https:\/\/wisi.ch\/fr\/wp-json\/wp\/v2\/pages"}],"about":[{"href":"https:\/\/wisi.ch\/fr\/wp-json\/wp\/v2\/types\/page"}],"author":[{"embeddable":true,"href":"https:\/\/wisi.ch\/fr\/wp-json\/wp\/v2\/users\/1"}],"replies":[{"embeddable":true,"href":"https:\/\/wisi.ch\/fr\/wp-json\/wp\/v2\/comments?post=61"}],"version-history":[{"count":10,"href":"https:\/\/wisi.ch\/fr\/wp-json\/wp\/v2\/pages\/61\/revisions"}],"predecessor-version":[{"id":3009,"href":"https:\/\/wisi.ch\/fr\/wp-json\/wp\/v2\/pages\/61\/revisions\/3009"}],"wp:attachment":[{"href":"https:\/\/wisi.ch\/fr\/wp-json\/wp\/v2\/media?parent=61"}],"curies":[{"name":"wp","href":"https:\/\/api.w.org\/{rel}","templated":true}]}}